{"id":3652,"date":"2023-04-23T19:05:50","date_gmt":"2023-04-23T17:05:50","guid":{"rendered":"https:\/\/www.developpement.le-comptoir-tourisme.fr\/?page_id=3652"},"modified":"2023-04-23T19:22:42","modified_gmt":"2023-04-23T17:22:42","slug":"comment-venir","status":"publish","type":"page","link":"https:\/\/www.developpement.le-comptoir-tourisme.fr\/index.php\/comment-venir\/","title":{"rendered":"Comment venir"},"content":{"rendered":"<p>[et_pb_section fb_built=\u00a0\u00bb1&Prime; admin_label=\u00a0\u00bbHeader\u00a0\u00bb _builder_version=\u00a0\u00bb4.20.4&Prime; _module_preset=\u00a0\u00bbdefault\u00a0\u00bb use_background_color_gradient=\u00a0\u00bbon\u00a0\u00bb background_color_gradient_stops=\u00a0\u00bbrgba(10,0,0,0) 0%|rgba(38,16,4,0.95) 96%\u00a0\u00bb background_color_gradient_overlays_image=\u00a0\u00bbon\u00a0\u00bb background_image=\u00a0\u00bbhttps:\/\/www.developpement.le-comptoir-tourisme.fr\/wp-content\/uploads\/2023\/04\/ORNOLAC-APT2-29032023-15-1.png\u00a0\u00bb custom_padding=\u00a0\u00bb6vw||8vw||false|false\u00a0\u00bb locked=\u00a0\u00bboff\u00a0\u00bb collapsed=\u00a0\u00bbon\u00a0\u00bb global_colors_info=\u00a0\u00bb{}\u00a0\u00bb theme_builder_area=\u00a0\u00bbpost_content\u00a0\u00bb][et_pb_row use_custom_gutter=\u00a0\u00bbon\u00a0\u00bb gutter_width=\u00a0\u00bb1&Prime; _builder_version=\u00a0\u00bb4.20.4&Prime; _module_preset=\u00a0\u00bbdefault\u00a0\u00bb width=\u00a0\u00bb700%\u00a0\u00bb width_tablet=\u00a0\u00bb80%\u00a0\u00bb width_phone=\u00a0\u00bb80%\u00a0\u00bb width_last_edited=\u00a0\u00bbon|tablet\u00a0\u00bb global_colors_info=\u00a0\u00bb{}\u00a0\u00bb theme_builder_area=\u00a0\u00bbpost_content\u00a0\u00bb][et_pb_column type=\u00a0\u00bb4_4&Prime; _builder_version=\u00a0\u00bb4.17.4&Prime; _module_preset=\u00a0\u00bbdefault\u00a0\u00bb global_colors_info=\u00a0\u00bb{}\u00a0\u00bb theme_builder_area=\u00a0\u00bbpost_content\u00a0\u00bb][et_pb_text _builder_version=\u00a0\u00bb4.20.4&Prime; _module_preset=\u00a0\u00bbdefault\u00a0\u00bb header_4_font=\u00a0\u00bbRaleway|700||on|||||\u00a0\u00bb header_4_text_color=\u00a0\u00bb#FFFFFF\u00a0\u00bb header_4_font_size=\u00a0\u00bb14px\u00a0\u00bb header_4_letter_spacing=\u00a0\u00bb0.3em\u00a0\u00bb header_4_line_height=\u00a0\u00bb1.4em\u00a0\u00bb text_orientation=\u00a0\u00bbcenter\u00a0\u00bb custom_margin=\u00a0\u00bb||0px||false|false\u00a0\u00bb global_colors_info=\u00a0\u00bb{}\u00a0\u00bb theme_builder_area=\u00a0\u00bbpost_content\u00a0\u00bb]<\/p>\n<h4>Votre s\u00e9jour en Ari\u00e8ge<\/h4>\n<p>[\/et_pb_text][et_pb_text _builder_version=\u00a0\u00bb4.20.4&Prime; _module_preset=\u00a0\u00bbdefault\u00a0\u00bb header_font=\u00a0\u00bbRadley|600|||||||\u00a0\u00bb header_text_color=\u00a0\u00bb#FFFFFF\u00a0\u00bb header_font_size=\u00a0\u00bb67px\u00a0\u00bb header_letter_spacing=\u00a0\u00bb8px\u00a0\u00bb header_line_height=\u00a0\u00bb1.1em\u00a0\u00bb text_orientation=\u00a0\u00bbcenter\u00a0\u00bb header_font_size_tablet=\u00a0\u00bb40px\u00a0\u00bb header_font_size_phone=\u00a0\u00bb24px\u00a0\u00bb header_font_size_last_edited=\u00a0\u00bbon|desktop\u00a0\u00bb global_colors_info=\u00a0\u00bb{}\u00a0\u00bb theme_builder_area=\u00a0\u00bbpost_content\u00a0\u00bb]<\/p>\n<h1>Comment venir sans voiture ?<\/h1>\n<p>[\/et_pb_text][\/et_pb_column][\/et_pb_row][et_pb_row _builder_version=\u00a0\u00bb4.20.4&Prime; _module_preset=\u00a0\u00bbdefault\u00a0\u00bb custom_padding=\u00a0\u00bb0px||0px||false|false\u00a0\u00bb global_colors_info=\u00a0\u00bb{}\u00a0\u00bb theme_builder_area=\u00a0\u00bbpost_content\u00a0\u00bb][et_pb_column type=\u00a0\u00bb4_4&Prime; _builder_version=\u00a0\u00bb4.20.4&Prime; _module_preset=\u00a0\u00bbdefault\u00a0\u00bb global_colors_info=\u00a0\u00bb{}\u00a0\u00bb theme_builder_area=\u00a0\u00bbpost_content\u00a0\u00bb][et_pb_icon font_icon=\u00a0\u00bb&#x22;||divi||400&Prime; icon_color=\u00a0\u00bb#FFFFFF\u00a0\u00bb icon_width=\u00a0\u00bb54px\u00a0\u00bb _builder_version=\u00a0\u00bb4.20.4&Prime; _module_preset=\u00a0\u00bbdefault\u00a0\u00bb custom_margin=\u00a0\u00bb-18px||||false|false\u00a0\u00bb global_colors_info=\u00a0\u00bb{}\u00a0\u00bb theme_builder_area=\u00a0\u00bbpost_content\u00a0\u00bb][\/et_pb_icon][\/et_pb_column][\/et_pb_row][\/et_pb_section][et_pb_section fb_built=\u00a0\u00bb1&Prime; admin_label=\u00a0\u00bbFeatures\u00a0\u00bb _builder_version=\u00a0\u00bb4.17.4&Prime; _module_preset=\u00a0\u00bbdefault\u00a0\u00bb custom_padding=\u00a0\u00bb0px|0px|0px|0px|false|false\u00a0\u00bb locked=\u00a0\u00bboff\u00a0\u00bb global_colors_info=\u00a0\u00bb{}\u00a0\u00bb theme_builder_area=\u00a0\u00bbpost_content\u00a0\u00bb][et_pb_row admin_label=\u00a0\u00bbSection Header\u00a0\u00bb _builder_version=\u00a0\u00bb4.20.4&Prime; _module_preset=\u00a0\u00bbdefault\u00a0\u00bb module_alignment=\u00a0\u00bbcenter\u00a0\u00bb custom_margin=\u00a0\u00bb32px||||false|false\u00a0\u00bb custom_padding=\u00a0\u00bb|||\u00a0\u00bb global_colors_info=\u00a0\u00bb{}\u00a0\u00bb theme_builder_area=\u00a0\u00bbpost_content\u00a0\u00bb][et_pb_column type=\u00a0\u00bb4_4&Prime; _builder_version=\u00a0\u00bb4.16&Prime; _module_preset=\u00a0\u00bbdefault\u00a0\u00bb custom_padding=\u00a0\u00bb|||\u00a0\u00bb global_colors_info=\u00a0\u00bb{}\u00a0\u00bb custom_padding__hover=\u00a0\u00bb|||\u00a0\u00bb theme_builder_area=\u00a0\u00bbpost_content\u00a0\u00bb][et_pb_text _builder_version=\u00a0\u00bb4.20.4&Prime; _module_preset=\u00a0\u00bbdefault\u00a0\u00bb text_font=\u00a0\u00bbRaleway||||||||\u00a0\u00bb text_font_size=\u00a0\u00bb16px\u00a0\u00bb custom_margin=\u00a0\u00bb-18px||||false|false\u00a0\u00bb custom_padding=\u00a0\u00bb0px||0px||false|false\u00a0\u00bb hover_enabled=\u00a0\u00bb0&Prime; global_colors_info=\u00a0\u00bb{}\u00a0\u00bb theme_builder_area=\u00a0\u00bbpost_content\u00a0\u00bb sticky_enabled=\u00a0\u00bb0&Prime;]<\/p>\n<p style=\"text-align: center;\"><span>Comment venir en Ari\u00e8ge sans voiture? Comment s&rsquo;organiser sans prendre la voiture pour venir ou lors de vos d\u00e9placements sur place. Voici quelques possibilit\u00e9s.<\/span><\/p>\n<p>[\/et_pb_text][\/et_pb_column][\/et_pb_row][\/et_pb_section][et_pb_section fb_built=\u00a0\u00bb1&Prime; admin_label=\u00a0\u00bbServices Section\u00a0\u00bb _builder_version=\u00a0\u00bb4.20.4&Prime; background_color=\u00a0\u00bb#c2a58d\u00a0\u00bb custom_padding=\u00a0\u00bb0px|0px|0px|0px|true|false\u00a0\u00bb hover_enabled=\u00a0\u00bb0&Prime; global_colors_info=\u00a0\u00bb{}\u00a0\u00bb locked=\u00a0\u00bboff\u00a0\u00bb theme_builder_area=\u00a0\u00bbpost_content\u00a0\u00bb sticky_enabled=\u00a0\u00bb0&Prime;][et_pb_row column_structure=\u00a0\u00bb1_3,1_3,1_3&Prime; _builder_version=\u00a0\u00bb4.20.4&Prime; hover_enabled=\u00a0\u00bb0&Prime; global_colors_info=\u00a0\u00bb{}\u00a0\u00bb theme_builder_area=\u00a0\u00bbpost_content\u00a0\u00bb sticky_enabled=\u00a0\u00bb0&Prime; width=\u00a0\u00bb100%\u00a0\u00bb max_width=\u00a0\u00bb1259px\u00a0\u00bb][et_pb_column type=\u00a0\u00bb1_3&Prime; _builder_version=\u00a0\u00bb4.16&Prime; custom_padding=\u00a0\u00bb|||\u00a0\u00bb global_colors_info=\u00a0\u00bb{}\u00a0\u00bb custom_padding__hover=\u00a0\u00bb|||\u00a0\u00bb theme_builder_area=\u00a0\u00bbpost_content\u00a0\u00bb][et_pb_blurb title=\u00a0\u00bbJE VIENS EN TRAIN\u00a0\u00bb image_icon_width=\u00a0\u00bb64px\u00a0\u00bb _builder_version=\u00a0\u00bb4.20.4&Prime; header_font=\u00a0\u00bbOswald|||on|||||\u00a0\u00bb header_text_align=\u00a0\u00bbcenter\u00a0\u00bb header_letter_spacing=\u00a0\u00bb3px\u00a0\u00bb header_line_height=\u00a0\u00bb1.7em\u00a0\u00bb body_font=\u00a0\u00bbLora||||||||\u00a0\u00bb body_font_size=\u00a0\u00bb18px\u00a0\u00bb body_line_height=\u00a0\u00bb2em\u00a0\u00bb text_orientation=\u00a0\u00bbcenter\u00a0\u00bb background_layout=\u00a0\u00bbdark\u00a0\u00bb animation_style=\u00a0\u00bbfade\u00a0\u00bb animation=\u00a0\u00bboff\u00a0\u00bb hover_enabled=\u00a0\u00bb0&Prime; image_max_width=\u00a0\u00bb64px\u00a0\u00bb global_colors_info=\u00a0\u00bb{}\u00a0\u00bb theme_builder_area=\u00a0\u00bbpost_content\u00a0\u00bb sticky_enabled=\u00a0\u00bb0&Prime; use_icon=\u00a0\u00bbon\u00a0\u00bb font_icon=\u00a0\u00bb&#xf239;||fa||900&Prime; icon_color=\u00a0\u00bb#834624&Prime;]<\/p>\n<p>Il y a la ligne TER Toulouse\/Latour-de-Carol et les liaisons directes r\u00e9guli\u00e8res toute l\u2019ann\u00e9e depuis Paris\/Austerlitz en<span style=\"color: #993366;\">\u00a0<span style=\"color: #800000;\"><a href=\"https:\/\/www.sncf-connect.com\/article\/5-destinations-desservies-par-le-train-de-nuit#ancre5\" style=\"color: #800000;\">train de nuit<\/a>.<\/span><\/span> Les diff\u00e9rentes Gares SNCF dans les Pyr\u00e9n\u00e9es Ari\u00e9geoises sont : Tarascon-sur-Ari\u00e8ge, Les Cabannes, Luzenac, Ax-Les-Thermes, M\u00e9rens-les-Vals, Hospitalet-pr\u00e9s-l\u2019Andorre.<\/p>\n<p>R\u00e9servation :<span>\u00a0<\/span><span style=\"color: #800000;\"><a href=\"http:\/\/www.voyages-sncf.com\/\" style=\"color: #800000;\">www.voyages-sncf.co <\/a><\/span>Informations :<span style=\"color: #993366;\">\u00a0<span style=\"color: #800000;\"><a href=\"https:\/\/www.ter.sncf.com\/occitanie\" style=\"color: #800000;\">www.ter.sncf.com\/occitanie<\/a><\/span><\/span><\/p>\n<p><span style=\"color: #800000;\"><a href=\"https:\/\/www.ter.sncf.com\/occitanie\/marque-grise\" style=\"color: #800000;\">Rechercher un billet<\/a><\/span><\/p>\n<p>Pour amplifier l\u2019envie de prendre le train, la R\u00e9gion Occitanie va plus loin apr\u00e8s le succ\u00e8s de son initiative pour le TER \u00e0 1euro. Maintenant ce tarif s\u2019applique tous les premiers week ends du mois tout au long de l\u2019ann\u00e9e.<\/p>\n<p>[\/et_pb_blurb][\/et_pb_column][et_pb_column type=\u00a0\u00bb1_3&Prime; _builder_version=\u00a0\u00bb4.16&Prime; custom_padding=\u00a0\u00bb|||\u00a0\u00bb global_colors_info=\u00a0\u00bb{}\u00a0\u00bb custom_padding__hover=\u00a0\u00bb|||\u00a0\u00bb theme_builder_area=\u00a0\u00bbpost_content\u00a0\u00bb][et_pb_blurb title=\u00a0\u00bbJe viens en avion\u00a0\u00bb image_icon_width=\u00a0\u00bb64px\u00a0\u00bb _builder_version=\u00a0\u00bb4.20.4&Prime; header_font=\u00a0\u00bbOswald|||on|||||\u00a0\u00bb header_text_align=\u00a0\u00bbcenter\u00a0\u00bb header_letter_spacing=\u00a0\u00bb3px\u00a0\u00bb header_line_height=\u00a0\u00bb1.7em\u00a0\u00bb body_font=\u00a0\u00bbLora||||||||\u00a0\u00bb body_font_size=\u00a0\u00bb18px\u00a0\u00bb body_line_height=\u00a0\u00bb2em\u00a0\u00bb text_orientation=\u00a0\u00bbcenter\u00a0\u00bb background_layout=\u00a0\u00bbdark\u00a0\u00bb animation_style=\u00a0\u00bbfade\u00a0\u00bb animation=\u00a0\u00bboff\u00a0\u00bb hover_enabled=\u00a0\u00bb0&Prime; image_max_width=\u00a0\u00bb64px\u00a0\u00bb global_colors_info=\u00a0\u00bb{}\u00a0\u00bb theme_builder_area=\u00a0\u00bbpost_content\u00a0\u00bb sticky_enabled=\u00a0\u00bb0&Prime; use_icon=\u00a0\u00bbon\u00a0\u00bb font_icon=\u00a0\u00bb&#xf072;||fa||900&Prime; icon_color=\u00a0\u00bb#834624&Prime;]<\/p>\n<p><span style=\"color: #800000;\"><a href=\"https:\/\/www.toulouse.aeroport.fr\/\" style=\"color: #800000;\">L\u2019A\u00e9roport de Toulouse-Blagnac<\/a><\/span><span>\u00a0<\/span>est \u00e0 1h de route :<\/p>\n<p>&nbsp;<\/p>\n<ul>\n<li>Soit vous louez une voiture \u00e0 l\u2019a\u00e9roport.<\/li>\n<li>Ou bien\u00a0 vous prenez la navette qui vous am\u00e8ne \u00e0 la gare SNCF Matabiau pour prendre le train direction Tarascon-sur-Ari\u00e8ge.<\/li>\n<li>Ou\u00a0 vous prenez un covoiturage.<\/li>\n<\/ul>\n<p>&nbsp;<\/p>\n<p>[\/et_pb_blurb][\/et_pb_column][et_pb_column type=\u00a0\u00bb1_3&Prime; _builder_version=\u00a0\u00bb4.16&Prime; custom_padding=\u00a0\u00bb|||\u00a0\u00bb global_colors_info=\u00a0\u00bb{}\u00a0\u00bb custom_padding__hover=\u00a0\u00bb|||\u00a0\u00bb theme_builder_area=\u00a0\u00bbpost_content\u00a0\u00bb][et_pb_blurb title=\u00a0\u00bbContact Taxis\u00a0\u00bb image_icon_width=\u00a0\u00bb64px\u00a0\u00bb _builder_version=\u00a0\u00bb4.20.4&Prime; header_font=\u00a0\u00bbOswald|||on|||||\u00a0\u00bb header_text_align=\u00a0\u00bbcenter\u00a0\u00bb header_letter_spacing=\u00a0\u00bb3px\u00a0\u00bb header_line_height=\u00a0\u00bb1.7em\u00a0\u00bb body_font=\u00a0\u00bbLora||||||||\u00a0\u00bb body_font_size=\u00a0\u00bb18px\u00a0\u00bb body_line_height=\u00a0\u00bb2em\u00a0\u00bb text_orientation=\u00a0\u00bbcenter\u00a0\u00bb background_layout=\u00a0\u00bbdark\u00a0\u00bb animation_style=\u00a0\u00bbfade\u00a0\u00bb animation=\u00a0\u00bboff\u00a0\u00bb hover_enabled=\u00a0\u00bb0&Prime; image_max_width=\u00a0\u00bb64px\u00a0\u00bb global_colors_info=\u00a0\u00bb{}\u00a0\u00bb theme_builder_area=\u00a0\u00bbpost_content\u00a0\u00bb sticky_enabled=\u00a0\u00bb0&Prime; use_icon=\u00a0\u00bbon\u00a0\u00bb font_icon=\u00a0\u00bb&#xf1b9;||fa||900&Prime; icon_color=\u00a0\u00bb#834624&Prime;]<\/p>\n<p>De la gare de Tarascon sur Ari\u00e8ge pour vous rendre \u00e0 nos g\u00eetes vous pouvez prendre un taxi ou un UBER, ou prendre les bus de la r\u00e9gion.<\/p>\n<p>Pour information vous avez plusieurs possibilit\u00e9s pour r\u00e9server un taxi \u00e0 votre arriv\u00e9e \u00e0 Tarascon\/Ari\u00e8ge ou\u00a0 \u00e0 Foix:<\/p>\n<ol>\n<li>GENIE TAXI, Mr CHATAIN Guillaume 06.30.31.23.69<\/li>\n<li>TAXI CANAL-MENA 06.47.11.68.01 OU 06.07549759.<\/li>\n<\/ol>\n<p>&nbsp;<\/p>\n<p>[\/et_pb_blurb][\/et_pb_column][\/et_pb_row][\/et_pb_section][et_pb_section fb_built=\u00a0\u00bb1&Prime; admin_label=\u00a0\u00bbVision Section\u00a0\u00bb _builder_version=\u00a0\u00bb4.20.4&Prime; background_color=\u00a0\u00bb#5e8272&Prime; use_background_color_gradient=\u00a0\u00bbon\u00a0\u00bb background_color_gradient_stops=\u00a0\u00bb#c2a58d 50%|#232220 50%|#ffffff 50%\u00a0\u00bb background_color_gradient_start=\u00a0\u00bb#232220&Prime; background_color_gradient_start_position=\u00a0\u00bb50%\u00a0\u00bb background_color_gradient_end=\u00a0\u00bb#ffffff\u00a0\u00bb background_color_gradient_end_position=\u00a0\u00bb50%\u00a0\u00bb custom_padding=\u00a0\u00bb80px|0px|80px|0px|false|false\u00a0\u00bb hover_enabled=\u00a0\u00bb0&Prime; global_colors_info=\u00a0\u00bb{}\u00a0\u00bb locked=\u00a0\u00bboff\u00a0\u00bb theme_builder_area=\u00a0\u00bbpost_content\u00a0\u00bb sticky_enabled=\u00a0\u00bb0&Prime;][et_pb_row _builder_version=\u00a0\u00bb4.20.4&Prime; background_color=\u00a0\u00bb#834624&Prime; custom_padding=\u00a0\u00bb100px|40px|100px|40px|true|false\u00a0\u00bb animation_style=\u00a0\u00bbzoom\u00a0\u00bb animation_intensity_zoom=\u00a0\u00bb5%\u00a0\u00bb hover_enabled=\u00a0\u00bb0&Prime; border_radii=\u00a0\u00bbon|8px|8px|8px|8px\u00a0\u00bb box_shadow_style=\u00a0\u00bbpreset3&Prime; box_shadow_vertical=\u00a0\u00bb110px\u00a0\u00bb box_shadow_blur=\u00a0\u00bb80px\u00a0\u00bb box_shadow_spread=\u00a0\u00bb-80px\u00a0\u00bb box_shadow_color=\u00a0\u00bbrgba(0,0,0,0.12)\u00a0\u00bb global_colors_info=\u00a0\u00bb{}\u00a0\u00bb theme_builder_area=\u00a0\u00bbpost_content\u00a0\u00bb sticky_enabled=\u00a0\u00bb0&Prime;][et_pb_column type=\u00a0\u00bb4_4&Prime; _builder_version=\u00a0\u00bb4.16&Prime; custom_padding=\u00a0\u00bb|||\u00a0\u00bb global_colors_info=\u00a0\u00bb{}\u00a0\u00bb custom_padding__hover=\u00a0\u00bb|||\u00a0\u00bb theme_builder_area=\u00a0\u00bbpost_content\u00a0\u00bb][et_pb_text _builder_version=\u00a0\u00bb4.20.4&Prime; text_font=\u00a0\u00bbLora||||||||\u00a0\u00bb text_font_size=\u00a0\u00bb18px\u00a0\u00bb text_line_height=\u00a0\u00bb2em\u00a0\u00bb link_font=\u00a0\u00bb||||||||\u00a0\u00bb ul_font=\u00a0\u00bb||||||||\u00a0\u00bb ol_font=\u00a0\u00bb||||||||\u00a0\u00bb quote_font=\u00a0\u00bb||||||||\u00a0\u00bb header_font=\u00a0\u00bb||||||||\u00a0\u00bb header_2_font=\u00a0\u00bbLora|700|||||||\u00a0\u00bb header_2_font_size=\u00a0\u00bb50px\u00a0\u00bb header_2_line_height=\u00a0\u00bb1.5em\u00a0\u00bb header_5_font=\u00a0\u00bbOswald|||on|||||\u00a0\u00bb header_5_text_color=\u00a0\u00bbrgba(255,255,255,0.4)\u00a0\u00bb header_5_font_size=\u00a0\u00bb20px\u00a0\u00bb header_5_letter_spacing=\u00a0\u00bb3px\u00a0\u00bb header_5_line_height=\u00a0\u00bb1.7em\u00a0\u00bb text_orientation=\u00a0\u00bbcenter\u00a0\u00bb background_layout=\u00a0\u00bbdark\u00a0\u00bb max_width=\u00a0\u00bb750px\u00a0\u00bb module_alignment=\u00a0\u00bbcenter\u00a0\u00bb custom_padding=\u00a0\u00bb|||\u00a0\u00bb hover_enabled=\u00a0\u00bb0&Prime; text_line_height_last_edited=\u00a0\u00bboff|desktop\u00a0\u00bb header_2_font_size_tablet=\u00a0\u00bb\u00a0\u00bb header_2_font_size_phone=\u00a0\u00bb36px\u00a0\u00bb header_2_font_size_last_edited=\u00a0\u00bbon|desktop\u00a0\u00bb global_colors_info=\u00a0\u00bb{}\u00a0\u00bb theme_builder_area=\u00a0\u00bbpost_content\u00a0\u00bb sticky_enabled=\u00a0\u00bb0&Prime;]<\/p>\n<div class=\"elementor-element elementor-element-32bcbd96 elementor-widget-divider--view-line elementor-widget elementor-widget-divider\" data-id=\"32bcbd96\" data-element_type=\"widget\" data-widget_type=\"divider.default\">\n<div class=\"elementor-widget-container\">\n<h2 class=\"elementor-divider\">UNE FOIS SUR PLACE, JE FAIS COMMENT ?<br \/><span class=\"elementor-divider-separator\"><\/span><\/h2>\n<\/div>\n<\/div>\n<ul>\n<li style=\"text-align: left;\">Je me d\u00e9place \u00e0 pied.<\/li>\n<li style=\"text-align: left;\">Je loue un v\u00e9lo \u00e0 assistance \u00e9lectrique sur Tarascon sur Ari\u00e8ge chez<span>\u00a0<\/span><a href=\"https:\/\/www.location-point-glisse.com\/\">POINT GLISSE<\/a><span>\u00a0<\/span>ou sur le village de Les Cabannes<span>\u00a0<\/span><a href=\"https:\/\/www.vtt-location-ariege.com\/\">Le Petit Plateau<\/a>. Je peux emprunter les voies-vertes ou \u00e0 mobilit\u00e9 active pour me d\u00e9placer.<\/li>\n<li style=\"text-align: left;\">J\u2019ai le choix entre le bus ou bien le train.<\/li>\n<li style=\"text-align: left;\">Je peux faire du covoiturage.<\/li>\n<\/ul>\n<p style=\"text-align: left;\">Pendant votre s\u00e9jour vous pouvez utiliser les services de transport \u00e0 la demande de la communaut\u00e9 de communes de Tarascon\/Ari\u00e8ge. Il faut s\u2019inscrire pr\u00e9alablement et r\u00e9server le trajet au plus tard la veille du transport avant 11 h au 05.34.09.86.30<\/p>\n<p>[\/et_pb_text][\/et_pb_column][\/et_pb_row][\/et_pb_section]<\/p>\n","protected":false},"excerpt":{"rendered":"<p>Votre s\u00e9jour en Ari\u00e8geComment venir sans voiture ?Comment venir en Ari\u00e8ge sans voiture? Comment s&rsquo;organiser sans prendre la voiture pour venir ou lors de vos d\u00e9placements sur place. Voici quelques possibilit\u00e9s.Il y a la ligne TER Toulouse\/Latour-de-Carol et les liaisons directes r\u00e9guli\u00e8res toute l\u2019ann\u00e9e depuis Paris\/Austerlitz en\u00a0train de nuit. Les diff\u00e9rentes Gares SNCF dans les [&hellip;]<\/p>\n","protected":false},"author":1,"featured_media":0,"parent":0,"menu_order":0,"comment_status":"closed","ping_status":"closed","template":"","meta":{"_et_pb_use_builder":"on","_et_pb_old_content":"","_et_gb_content_width":""},"yoast_head":"<!-- This site is optimized with the Yoast SEO plugin v21.8.1 - https:\/\/yoast.com\/wordpress\/plugins\/seo\/ -->\n<title>Comment venir - O Cannyon<\/title>\n<meta name=\"robots\" content=\"index, follow, max-snippet:-1, max-image-preview:large, max-video-preview:-1\" \/>\n<link rel=\"canonical\" href=\"https:\/\/www.developpement.le-comptoir-tourisme.fr\/index.php\/comment-venir\/\" \/>\n<meta property=\"og:locale\" content=\"fr_FR\" \/>\n<meta property=\"og:type\" content=\"article\" \/>\n<meta property=\"og:title\" content=\"Comment venir - O Cannyon\" \/>\n<meta property=\"og:description\" content=\"Votre s\u00e9jour en Ari\u00e8geComment venir sans voiture ?Comment venir en Ari\u00e8ge sans voiture? Comment s&#039;organiser sans prendre la voiture pour venir ou lors de vos d\u00e9placements sur place. Voici quelques possibilit\u00e9s.Il y a la ligne TER Toulouse\/Latour-de-Carol et les liaisons directes r\u00e9guli\u00e8res toute l\u2019ann\u00e9e depuis Paris\/Austerlitz en\u00a0train de nuit. Les diff\u00e9rentes Gares SNCF dans les [&hellip;]\" \/>\n<meta property=\"og:url\" content=\"https:\/\/www.developpement.le-comptoir-tourisme.fr\/index.php\/comment-venir\/\" \/>\n<meta property=\"og:site_name\" content=\"O Cannyon\" \/>\n<meta property=\"article:modified_time\" content=\"2023-04-23T17:22:42+00:00\" \/>\n<meta name=\"twitter:card\" content=\"summary_large_image\" \/>\n<script type=\"application\/ld+json\" class=\"yoast-schema-graph\">{\"@context\":\"https:\/\/schema.org\",\"@graph\":[{\"@type\":\"WebPage\",\"@id\":\"https:\/\/www.developpement.le-comptoir-tourisme.fr\/index.php\/comment-venir\/\",\"url\":\"https:\/\/www.developpement.le-comptoir-tourisme.fr\/index.php\/comment-venir\/\",\"name\":\"Comment venir - O Cannyon\",\"isPartOf\":{\"@id\":\"https:\/\/www.developpement.le-comptoir-tourisme.fr\/#website\"},\"datePublished\":\"2023-04-23T17:05:50+00:00\",\"dateModified\":\"2023-04-23T17:22:42+00:00\",\"breadcrumb\":{\"@id\":\"https:\/\/www.developpement.le-comptoir-tourisme.fr\/index.php\/comment-venir\/#breadcrumb\"},\"inLanguage\":\"fr-FR\",\"potentialAction\":[{\"@type\":\"ReadAction\",\"target\":[\"https:\/\/www.developpement.le-comptoir-tourisme.fr\/index.php\/comment-venir\/\"]}]},{\"@type\":\"BreadcrumbList\",\"@id\":\"https:\/\/www.developpement.le-comptoir-tourisme.fr\/index.php\/comment-venir\/#breadcrumb\",\"itemListElement\":[{\"@type\":\"ListItem\",\"position\":1,\"name\":\"Accueil\",\"item\":\"https:\/\/www.developpement.le-comptoir-tourisme.fr\/\"},{\"@type\":\"ListItem\",\"position\":2,\"name\":\"Comment venir\"}]},{\"@type\":\"WebSite\",\"@id\":\"https:\/\/www.developpement.le-comptoir-tourisme.fr\/#website\",\"url\":\"https:\/\/www.developpement.le-comptoir-tourisme.fr\/\",\"name\":\"O Cannyon\",\"description\":\"\",\"publisher\":{\"@id\":\"https:\/\/www.developpement.le-comptoir-tourisme.fr\/#organization\"},\"potentialAction\":[{\"@type\":\"SearchAction\",\"target\":{\"@type\":\"EntryPoint\",\"urlTemplate\":\"https:\/\/www.developpement.le-comptoir-tourisme.fr\/?s={search_term_string}\"},\"query-input\":\"required name=search_term_string\"}],\"inLanguage\":\"fr-FR\"},{\"@type\":\"Organization\",\"@id\":\"https:\/\/www.developpement.le-comptoir-tourisme.fr\/#organization\",\"name\":\"O Cannyon\",\"url\":\"https:\/\/www.developpement.le-comptoir-tourisme.fr\/\",\"logo\":{\"@type\":\"ImageObject\",\"inLanguage\":\"fr-FR\",\"@id\":\"https:\/\/www.developpement.le-comptoir-tourisme.fr\/#\/schema\/logo\/image\/\",\"url\":\"\",\"contentUrl\":\"\",\"caption\":\"O Cannyon\"},\"image\":{\"@id\":\"https:\/\/www.developpement.le-comptoir-tourisme.fr\/#\/schema\/logo\/image\/\"}}]}<\/script>\n<!-- \/ Yoast SEO plugin. -->","yoast_head_json":{"title":"Comment venir - O Cannyon","robots":{"index":"index","follow":"follow","max-snippet":"max-snippet:-1","max-image-preview":"max-image-preview:large","max-video-preview":"max-video-preview:-1"},"canonical":"https:\/\/www.developpement.le-comptoir-tourisme.fr\/index.php\/comment-venir\/","og_locale":"fr_FR","og_type":"article","og_title":"Comment venir - O Cannyon","og_description":"Votre s\u00e9jour en Ari\u00e8geComment venir sans voiture ?Comment venir en Ari\u00e8ge sans voiture? Comment s'organiser sans prendre la voiture pour venir ou lors de vos d\u00e9placements sur place. Voici quelques possibilit\u00e9s.Il y a la ligne TER Toulouse\/Latour-de-Carol et les liaisons directes r\u00e9guli\u00e8res toute l\u2019ann\u00e9e depuis Paris\/Austerlitz en\u00a0train de nuit. Les diff\u00e9rentes Gares SNCF dans les [&hellip;]","og_url":"https:\/\/www.developpement.le-comptoir-tourisme.fr\/index.php\/comment-venir\/","og_site_name":"O Cannyon","article_modified_time":"2023-04-23T17:22:42+00:00","twitter_card":"summary_large_image","schema":{"@context":"https:\/\/schema.org","@graph":[{"@type":"WebPage","@id":"https:\/\/www.developpement.le-comptoir-tourisme.fr\/index.php\/comment-venir\/","url":"https:\/\/www.developpement.le-comptoir-tourisme.fr\/index.php\/comment-venir\/","name":"Comment venir - O Cannyon","isPartOf":{"@id":"https:\/\/www.developpement.le-comptoir-tourisme.fr\/#website"},"datePublished":"2023-04-23T17:05:50+00:00","dateModified":"2023-04-23T17:22:42+00:00","breadcrumb":{"@id":"https:\/\/www.developpement.le-comptoir-tourisme.fr\/index.php\/comment-venir\/#breadcrumb"},"inLanguage":"fr-FR","potentialAction":[{"@type":"ReadAction","target":["https:\/\/www.developpement.le-comptoir-tourisme.fr\/index.php\/comment-venir\/"]}]},{"@type":"BreadcrumbList","@id":"https:\/\/www.developpement.le-comptoir-tourisme.fr\/index.php\/comment-venir\/#breadcrumb","itemListElement":[{"@type":"ListItem","position":1,"name":"Accueil","item":"https:\/\/www.developpement.le-comptoir-tourisme.fr\/"},{"@type":"ListItem","position":2,"name":"Comment venir"}]},{"@type":"WebSite","@id":"https:\/\/www.developpement.le-comptoir-tourisme.fr\/#website","url":"https:\/\/www.developpement.le-comptoir-tourisme.fr\/","name":"O Cannyon","description":"","publisher":{"@id":"https:\/\/www.developpement.le-comptoir-tourisme.fr\/#organization"},"potentialAction":[{"@type":"SearchAction","target":{"@type":"EntryPoint","urlTemplate":"https:\/\/www.developpement.le-comptoir-tourisme.fr\/?s={search_term_string}"},"query-input":"required name=search_term_string"}],"inLanguage":"fr-FR"},{"@type":"Organization","@id":"https:\/\/www.developpement.le-comptoir-tourisme.fr\/#organization","name":"O Cannyon","url":"https:\/\/www.developpement.le-comptoir-tourisme.fr\/","logo":{"@type":"ImageObject","inLanguage":"fr-FR","@id":"https:\/\/www.developpement.le-comptoir-tourisme.fr\/#\/schema\/logo\/image\/","url":"","contentUrl":"","caption":"O Cannyon"},"image":{"@id":"https:\/\/www.developpement.le-comptoir-tourisme.fr\/#\/schema\/logo\/image\/"}}]}},"_links":{"self":[{"href":"https:\/\/www.developpement.le-comptoir-tourisme.fr\/index.php\/wp-json\/wp\/v2\/pages\/3652"}],"collection":[{"href":"https:\/\/www.developpement.le-comptoir-tourisme.fr\/index.php\/wp-json\/wp\/v2\/pages"}],"about":[{"href":"https:\/\/www.developpement.le-comptoir-tourisme.fr\/index.php\/wp-json\/wp\/v2\/types\/page"}],"author":[{"embeddable":true,"href":"https:\/\/www.developpement.le-comptoir-tourisme.fr\/index.php\/wp-json\/wp\/v2\/users\/1"}],"replies":[{"embeddable":true,"href":"https:\/\/www.developpement.le-comptoir-tourisme.fr\/index.php\/wp-json\/wp\/v2\/comments?post=3652"}],"version-history":[{"count":2,"href":"https:\/\/www.developpement.le-comptoir-tourisme.fr\/index.php\/wp-json\/wp\/v2\/pages\/3652\/revisions"}],"predecessor-version":[{"id":3655,"href":"https:\/\/www.developpement.le-comptoir-tourisme.fr\/index.php\/wp-json\/wp\/v2\/pages\/3652\/revisions\/3655"}],"wp:attachment":[{"href":"https:\/\/www.developpement.le-comptoir-tourisme.fr\/index.php\/wp-json\/wp\/v2\/media?parent=3652"}],"curies":[{"name":"wp","href":"https:\/\/api.w.org\/{rel}","templated":true}]}}